{"id":866,"date":"2023-08-18T08:44:04","date_gmt":"2023-08-18T06:44:04","guid":{"rendered":"http:\/\/fr.pissaro.re\/?page_id=866"},"modified":"2023-08-18T09:19:07","modified_gmt":"2023-08-18T07:19:07","slug":"posters","status":"publish","type":"page","link":"https:\/\/fr.pissaro.re\/index.php\/posters\/","title":{"rendered":"Posters"},"content":{"rendered":"\n<p>Vous retrouverez sur cette page les posters sur les r\u00e9sultats du projet PISSARO pr\u00e9sent\u00e9s lors de diff\u00e9rents colloques scientifiques.<\/p>\n\n\n\n<div class=\"wp-block-media-text alignwide is-stacked-on-mobile\" style=\"grid-template-columns:40% auto\"><figure class=\"wp-block-media-text__media\"><img loading=\"lazy\" decoding=\"async\" width=\"724\" height=\"1024\" src=\"https:\/\/fr.pissaro.re\/wp-content\/uploads\/2023\/08\/AOGS2023_PISSARO_poster-1-724x1024.jpg\" alt=\"\" class=\"wp-image-869 size-full\" srcset=\"https:\/\/fr.pissaro.re\/wp-content\/uploads\/2023\/08\/AOGS2023_PISSARO_poster-1-724x1024.jpg 724w, https:\/\/fr.pissaro.re\/wp-content\/uploads\/2023\/08\/AOGS2023_PISSARO_poster-1-212x300.jpg 212w, https:\/\/fr.pissaro.re\/wp-content\/uploads\/2023\/08\/AOGS2023_PISSARO_poster-1-768x1086.jpg 768w, https:\/\/fr.pissaro.re\/wp-content\/uploads\/2023\/08\/AOGS2023_PISSARO_poster-1-1087x1536.jpg 1087w, https:\/\/fr.pissaro.re\/wp-content\/uploads\/2023\/08\/AOGS2023_PISSARO_poster-1-1449x2048.jpg 1449w, https:\/\/fr.pissaro.re\/wp-content\/uploads\/2023\/08\/AOGS2023_PISSARO_poster-1-scaled.jpg 1811w\" sizes=\"auto, (max-width: 724px) 100vw, 724px\" \/><\/figure><div class=\"wp-block-media-text__content\">\n<p>Poster pr\u00e9sent\u00e9 \u00e0 l&rsquo;AOGS 2023 \u00e0 Singapour (<a href=\"https:\/\/fr.pissaro.re\/wp-content\/uploads\/2023\/08\/AOGS2023_PISSARO_poster-1-scaled.jpg\" target=\"_blank\" rel=\"noreferrer noopener\">cliquer pour le t\u00e9l\u00e9charger<\/a>)<br><br><em>Citation : PISSARO: a collaborative and user-oriented project for monthly forecasting of extreme events in the south-west Indian Ocean, S. Malardel, H. V\u00e9r\u00e8mes, F. Bonnardot, P. Peyrill\u00e9, S. Langlade, T. Lefort, L. Labb\u00e9, A. Cahard, Q.-P. Duong, N. Guida, A. Colomb, R. K\u00f6th and K.-O. Lee, AOGS 2023, 30 juil. &#8211; 4 ao\u00fbt 2023, Singapour.<\/em><\/p>\n<\/div><\/div>\n\n\n\n<div class=\"wp-block-media-text alignwide is-stacked-on-mobile\" style=\"grid-template-columns:40% auto\"><figure class=\"wp-block-media-text__media\"><img loading=\"lazy\" decoding=\"async\" width=\"724\" height=\"1024\" src=\"https:\/\/fr.pissaro.re\/wp-content\/uploads\/2023\/08\/S2Ssummit2023_PISSARO_products_and_research_poster-724x1024.jpg\" alt=\"\" class=\"wp-image-870 size-full\" srcset=\"https:\/\/fr.pissaro.re\/wp-content\/uploads\/2023\/08\/S2Ssummit2023_PISSARO_products_and_research_poster-724x1024.jpg 724w, https:\/\/fr.pissaro.re\/wp-content\/uploads\/2023\/08\/S2Ssummit2023_PISSARO_products_and_research_poster-212x300.jpg 212w, https:\/\/fr.pissaro.re\/wp-content\/uploads\/2023\/08\/S2Ssummit2023_PISSARO_products_and_research_poster-768x1086.jpg 768w, https:\/\/fr.pissaro.re\/wp-content\/uploads\/2023\/08\/S2Ssummit2023_PISSARO_products_and_research_poster-1087x1536.jpg 1087w, https:\/\/fr.pissaro.re\/wp-content\/uploads\/2023\/08\/S2Ssummit2023_PISSARO_products_and_research_poster-1449x2048.jpg 1449w, https:\/\/fr.pissaro.re\/wp-content\/uploads\/2023\/08\/S2Ssummit2023_PISSARO_products_and_research_poster-scaled.jpg 1811w\" sizes=\"auto, (max-width: 724px) 100vw, 724px\" \/><\/figure><div class=\"wp-block-media-text__content\">\n<p>Poster pr\u00e9sent\u00e9 au S2S Summit 2023 \u00e0 l&rsquo;Universit\u00e9 de Reading (<a href=\"https:\/\/fr.pissaro.re\/wp-content\/uploads\/2023\/08\/S2Ssummit2023_PISSARO_products_and_research_poster-scaled.jpg\" target=\"_blank\" rel=\"noreferrer noopener\">cliquer pour le t\u00e9l\u00e9charger<\/a>)<br><br><em>Citation : PISSARO: a collaborative and user-oriented project for monthly forecasting of extreme events in the south-west Indian Ocean, S. Malardel, H. V\u00e9r\u00e8mes, F. Bonnardot, P. Peyrill\u00e9, S. Langlade, T. Lefort, L. Labb\u00e9, A. Cahard, Q.-P. Duong, N. Guida, A. Colomb and R. K\u00f6th, S2S Summit 2023, 3-7 juillet 2023, Universit\u00e9 de Reading, Grande-Bretagn<\/em>e.<\/p>\n<\/div><\/div>\n\n\n\n<div class=\"wp-block-media-text alignwide is-stacked-on-mobile\" style=\"grid-template-columns:40% auto\"><figure class=\"wp-block-media-text__media\"><img loading=\"lazy\" decoding=\"async\" width=\"724\" height=\"1024\" src=\"https:\/\/fr.pissaro.re\/wp-content\/uploads\/2023\/08\/S2Ssummit2023_PISSARO_monthly_run_poster-724x1024.jpg\" alt=\"\" class=\"wp-image-871 size-full\" srcset=\"https:\/\/fr.pissaro.re\/wp-content\/uploads\/2023\/08\/S2Ssummit2023_PISSARO_monthly_run_poster-724x1024.jpg 724w, https:\/\/fr.pissaro.re\/wp-content\/uploads\/2023\/08\/S2Ssummit2023_PISSARO_monthly_run_poster-212x300.jpg 212w, https:\/\/fr.pissaro.re\/wp-content\/uploads\/2023\/08\/S2Ssummit2023_PISSARO_monthly_run_poster-768x1086.jpg 768w, https:\/\/fr.pissaro.re\/wp-content\/uploads\/2023\/08\/S2Ssummit2023_PISSARO_monthly_run_poster-1087x1536.jpg 1087w, https:\/\/fr.pissaro.re\/wp-content\/uploads\/2023\/08\/S2Ssummit2023_PISSARO_monthly_run_poster-1449x2048.jpg 1449w, https:\/\/fr.pissaro.re\/wp-content\/uploads\/2023\/08\/S2Ssummit2023_PISSARO_monthly_run_poster-scaled.jpg 1811w\" sizes=\"auto, (max-width: 724px) 100vw, 724px\" \/><\/figure><div class=\"wp-block-media-text__content\">\n<p>Poster pr\u00e9sent\u00e9 au S2S Summit 2023 \u00e0 l&rsquo;Universit\u00e9 de Reading (<a href=\"https:\/\/fr.pissaro.re\/wp-content\/uploads\/2023\/08\/S2Ssummit2023_PISSARO_monthly_run_poster-scaled.jpg\" target=\"_blank\" rel=\"noreferrer noopener\">cliquer pour le t\u00e9l\u00e9charger<\/a>)<br><br><em>Citation : Monthly forecast with a regional convection permitting model for the south-west Indian Ocean basin, S. Malardel et P. Peyrill\u00e9, S2S Summit 2023, 3-7 juillet 2023, Universit\u00e9 de Reading, Grande-Bretagne<\/em><\/p>\n<\/div><\/div>\n\n\n\n<div class=\"wp-block-media-text alignwide is-stacked-on-mobile\" style=\"grid-template-columns:40% auto\"><figure class=\"wp-block-media-text__media\"><img loading=\"lazy\" decoding=\"async\" width=\"724\" height=\"1024\" src=\"https:\/\/fr.pissaro.re\/wp-content\/uploads\/2023\/08\/Poster_presentation_projet_PISSARO-1-724x1024.jpg\" alt=\"\" class=\"wp-image-873 size-full\" srcset=\"https:\/\/fr.pissaro.re\/wp-content\/uploads\/2023\/08\/Poster_presentation_projet_PISSARO-1-724x1024.jpg 724w, https:\/\/fr.pissaro.re\/wp-content\/uploads\/2023\/08\/Poster_presentation_projet_PISSARO-1-212x300.jpg 212w, https:\/\/fr.pissaro.re\/wp-content\/uploads\/2023\/08\/Poster_presentation_projet_PISSARO-1-768x1086.jpg 768w, https:\/\/fr.pissaro.re\/wp-content\/uploads\/2023\/08\/Poster_presentation_projet_PISSARO-1-1087x1536.jpg 1087w, https:\/\/fr.pissaro.re\/wp-content\/uploads\/2023\/08\/Poster_presentation_projet_PISSARO-1-1449x2048.jpg 1449w, https:\/\/fr.pissaro.re\/wp-content\/uploads\/2023\/08\/Poster_presentation_projet_PISSARO-1-scaled.jpg 1811w\" sizes=\"auto, (max-width: 724px) 100vw, 724px\" \/><\/figure><div class=\"wp-block-media-text__content\">\n<p>Poster de pr\u00e9sentation du projet PISSARO (<a href=\"https:\/\/fr.pissaro.re\/wp-content\/uploads\/2023\/08\/Poster_presentation_projet_PISSARO-scaled.jpg\" target=\"_blank\" rel=\"noreferrer noopener\">cliquer pour le t\u00e9l\u00e9charger<\/a>)<\/p>\n<\/div><\/div>\n","protected":false},"excerpt":{"rendered":"<p>Vous retrouverez sur cette page les posters sur les r\u00e9sultats du projet PISSARO pr\u00e9sent\u00e9s lors de diff\u00e9rents colloques scientifiques. Poster<\/p>\n","protected":false},"author":1,"featured_media":0,"parent":0,"menu_order":0,"comment_status":"closed","ping_status":"closed","template":"","meta":{"colormag_page_layout":"default_layout","footnotes":""},"class_list":["post-866","page","type-page","status-publish","hentry"],"_links":{"self":[{"href":"https:\/\/fr.pissaro.re\/index.php\/wp-json\/wp\/v2\/pages\/866","targetHints":{"allow":["GET"]}}],"collection":[{"href":"https:\/\/fr.pissaro.re\/index.php\/wp-json\/wp\/v2\/pages"}],"about":[{"href":"https:\/\/fr.pissaro.re\/index.php\/wp-json\/wp\/v2\/types\/page"}],"author":[{"embeddable":true,"href":"https:\/\/fr.pissaro.re\/index.php\/wp-json\/wp\/v2\/users\/1"}],"replies":[{"embeddable":true,"href":"https:\/\/fr.pissaro.re\/index.php\/wp-json\/wp\/v2\/comments?post=866"}],"version-history":[{"count":8,"href":"https:\/\/fr.pissaro.re\/index.php\/wp-json\/wp\/v2\/pages\/866\/revisions"}],"predecessor-version":[{"id":888,"href":"https:\/\/fr.pissaro.re\/index.php\/wp-json\/wp\/v2\/pages\/866\/revisions\/888"}],"wp:attachment":[{"href":"https:\/\/fr.pissaro.re\/index.php\/wp-json\/wp\/v2\/media?parent=866"}],"curies":[{"name":"wp","href":"https:\/\/api.w.org\/{rel}","templated":true}]}}