{"id":324,"date":"2021-09-01T08:18:01","date_gmt":"2021-09-01T06:18:01","guid":{"rendered":"http:\/\/fr.pissaro.re\/?page_id=324"},"modified":"2023-08-17T13:37:21","modified_gmt":"2023-08-17T11:37:21","slug":"publications","status":"publish","type":"page","link":"https:\/\/fr.pissaro.re\/index.php\/publications\/","title":{"rendered":"Publications"},"content":{"rendered":"\n<p class=\"has-medium-font-size\"><strong>[2023]<\/strong><\/p>\n\n\n\n<p><a href=\"https:\/\/fr.pissaro.re\/wp-content\/uploads\/2023\/08\/Article_GUIDA_2023_multiechelle_drivers_fortes_pluies_Seychelles.pdf\" target=\"_blank\" rel=\"noreferrer noopener\">N. Guida, F. Bonnardot et P. Peyrill\u00e9 (2023), Analyse multi-\u00e9chelles des \u00e9pisodes de fortes pluies aux Seychelles. Article de fin de PFE IENM.<\/a><\/p>\n\n\n\n<p class=\"has-medium-font-size\"><strong>[2022]<\/strong><\/p>\n\n\n\n<p><a rel=\"noreferrer noopener\" href=\"https:\/\/fr.pissaro.re\/wp-content\/uploads\/2022\/11\/Article_CACHARD_2022_S2S_ZCIT_migration_SOOI.pdf\" target=\"_blank\">A. Cachard, S. Malardel, F. Bonnardot et H. V\u00e9r\u00e8mes (2022), Etude de la pr\u00e9visibilit\u00e9 intra-saisonni\u00e8re de la migration de la ZCIT et des fortes pluies associ\u00e9es sur le nord du bassin sud-ouest de l&rsquo;oc\u00e9an Indien. Article de fin de PFE IENM, stage r\u00e9alis\u00e9 dans le cadre du projet PISSARO.<\/a><\/p>\n\n\n\n<h4 class=\"wp-block-heading\"><strong>[2021]<\/strong><\/h4>\n\n\n\n<p><a href=\"https:\/\/fr.pissaro.re\/wp-content\/uploads\/2021\/09\/article_PFE_koth_remy_2021.pdf\" target=\"_blank\" rel=\"noreferrer noopener\">R. K\u00f6th, Q.-P. Duong, S. Malardel et H. V\u00e9r\u00e8mes (2021), Intelligence artificielle pour le diagnostic de l&rsquo;oscillation de Madden-Julian par post-traitement d&rsquo;un mod\u00e8le de pr\u00e9vision intra-saisonni\u00e8re. Article de fin de PFE IENM, stage r\u00e9alis\u00e9 dans le cadre du projet PISSARO.<\/a><\/p>\n","protected":false},"excerpt":{"rendered":"<p>[2023] N. Guida, F. Bonnardot et P. Peyrill\u00e9 (2023), Analyse multi-\u00e9chelles des \u00e9pisodes de fortes pluies aux Seychelles. Article de<\/p>\n","protected":false},"author":1,"featured_media":0,"parent":0,"menu_order":0,"comment_status":"closed","ping_status":"closed","template":"","meta":{"colormag_page_layout":"default_layout","footnotes":""},"class_list":["post-324","page","type-page","status-publish","hentry"],"_links":{"self":[{"href":"https:\/\/fr.pissaro.re\/index.php\/wp-json\/wp\/v2\/pages\/324","targetHints":{"allow":["GET"]}}],"collection":[{"href":"https:\/\/fr.pissaro.re\/index.php\/wp-json\/wp\/v2\/pages"}],"about":[{"href":"https:\/\/fr.pissaro.re\/index.php\/wp-json\/wp\/v2\/types\/page"}],"author":[{"embeddable":true,"href":"https:\/\/fr.pissaro.re\/index.php\/wp-json\/wp\/v2\/users\/1"}],"replies":[{"embeddable":true,"href":"https:\/\/fr.pissaro.re\/index.php\/wp-json\/wp\/v2\/comments?post=324"}],"version-history":[{"count":7,"href":"https:\/\/fr.pissaro.re\/index.php\/wp-json\/wp\/v2\/pages\/324\/revisions"}],"predecessor-version":[{"id":864,"href":"https:\/\/fr.pissaro.re\/index.php\/wp-json\/wp\/v2\/pages\/324\/revisions\/864"}],"wp:attachment":[{"href":"https:\/\/fr.pissaro.re\/index.php\/wp-json\/wp\/v2\/media?parent=324"}],"curies":[{"name":"wp","href":"https:\/\/api.w.org\/{rel}","templated":true}]}}