{"id":258,"date":"2021-05-13T11:47:10","date_gmt":"2021-05-13T09:47:10","guid":{"rendered":"http:\/\/fr.pissaro.re\/?page_id=258"},"modified":"2023-08-17T14:23:27","modified_gmt":"2023-08-17T12:23:27","slug":"presentations","status":"publish","type":"page","link":"https:\/\/fr.pissaro.re\/index.php\/presentations\/","title":{"rendered":"Pr\u00e9sentations"},"content":{"rendered":"\n<p style=\"font-size:25px\">[2023]<\/p>\n\n\n\n<p><a href=\"https:\/\/fr.pissaro.re\/presentations\/Workshop_S2S_VEREMES_PISSARO.pdf\" target=\"_blank\" rel=\"noreferrer noopener\">Using monthly forecast of extreme events in the southwest Indian Ocean for disaster risk management: co-creation of a decision support tool for tropical cyclone risk anticipation, H. V\u00e9r\u00e8mes, S. Malardel, F. Bonnardot and C. Blanc, S2S Summit 2023, University of Reading, United-Kingdom, 3-7 july 2023.<\/a><\/p>\n\n\n\n<p style=\"font-size:25px\">[2022]<\/p>\n\n\n\n<p><a href=\"https:\/\/fr.pissaro.re\/presentations\/Presentation_PISSARO_VEREMES_atelierGRC2022.pdf\" target=\"_blank\" rel=\"noreferrer noopener\">PISSARO : Pr\u00e9voir les ph\u00e9nom\u00e8nes extr\u00eames dans le sud-ouest de l&rsquo;oc\u00e9an Indien \u00e0 l&rsquo;\u00e9chelle mensuelle &#8211; Produit exp\u00e9rimental d&rsquo;anticipation de l&rsquo;al\u00e9a cyclonique pour les territoires habit\u00e9s, H. V\u00e9r\u00e8mes et S. Malardel, Atelier post-saison cyclonique 20221-2022 &#8211; PIROI, 8 juin 2022.<\/a><\/p>\n\n\n\n<p><a href=\"https:\/\/fr.pissaro.re\/presentations\/AtelierPISSARO_BONNARDOT_previsions_saisonnieres_a_intrasaisonnieres.pdf\" target=\"_blank\" rel=\"noreferrer noopener\">De la pr\u00e9vision saisonni\u00e8re \u00e0 la pr\u00e9vision mensuelle \u00e0 la DIROI, par F. Bonnardot, Atelier de mi-projet PISSARO, La R\u00e9union, 1-2 juillet 2022.<\/a><\/p>\n\n\n\n<p><a href=\"https:\/\/fr.pissaro.re\/presentations\/AtelierPISSARO_MALARDEL_presentation_projet_PISSARO.pdf\" target=\"_blank\" rel=\"noreferrer noopener\">PISSARO : peut-on pr\u00e9voir le temps dans le sud-ouest de l&rsquo;oc\u00e9an Indien un mois en avance ?, par S. Malardel, Atelier de mi-projet PISSARO, La R\u00e9union, 1-2 juillet 2022.<\/a><\/p>\n\n\n\n<p><a href=\"https:\/\/fr.pissaro.re\/presentations\/AtelierPISSARO_DULAC_TC_tracker.pdf\" target=\"_blank\" rel=\"noreferrer noopener\">Tracking des cyclones tropicaux dans ERA5 et perspectives d&rsquo;utilisation des indices de cyclog\u00e9n\u00e8se pour la pr\u00e9vision intra-saisonni\u00e8re et saisonni\u00e8re, par W. Dulac, Atelier de mi-projet PISSARO, La R\u00e9union, 1-2 juillet 2022.<em> <\/em><\/a><\/p>\n\n\n\n<p>Pr\u00e9sentation du projet S2S, par F. Vitart, Atelier de mi-projet PISSARO, La R\u00e9union, 1-2 juillet 2022.<\/p>\n\n\n\n<p><a href=\"https:\/\/fr.pissaro.re\/presentations\/AtelierPISSARO_VEREMES_evaluation.pdf\" target=\"_blank\" rel=\"noreferrer noopener\">Evaluation des donn\u00e9es de trajectoires cycloniques de S2S sur le sud-ouest de l&rsquo;oc\u00e9an Indien, par H. V\u00e9r\u00e8mes, Atelier de mi-projet PISSARO, La R\u00e9union, 1-2 juillet 2022. <\/a><\/p>\n\n\n\n<p><a href=\"https:\/\/fr.pissaro.re\/presentations\/AtelierPISSARO_DUONG_IA_MJO.pdf\" target=\"_blank\" rel=\"noreferrer noopener\">Utilisation de l&rsquo;IA pour le diagnostic de la MJO dans les pr\u00e9visions mensuelles, par Q.-P. Duong, Atelier de mi-projet PISSARO, La R\u00e9union, 1-2 juillet 2022. <\/a><\/p>\n\n\n\n<p><a href=\"https:\/\/fr.pissaro.re\/presentations\/AtelierPISSARO_LEFORT_methodo_briefing_prevision_mensuelle.pdf\" target=\"_blank\" rel=\"noreferrer noopener\">Activit\u00e9 de suivi de la MJO et des ondes \u00e9quatoriales pour la pr\u00e9vision mensuelle op\u00e9rationnelle de l&rsquo;activit\u00e9 cyclonique et des r\u00e9gimes de temps, par T. Lefort, Atelier de mi-projet PISSARO, La R\u00e9union, 1-2 juillet 2022.<\/a><\/p>\n\n\n\n<p><a href=\"https:\/\/fr.pissaro.re\/presentations\/AtelierPISSARO_LANGLADE_activite_briefing_suivi_MJO.pdf\" target=\"_blank\" rel=\"noreferrer noopener\">Evaluation de l&rsquo;activit\u00e9 exp\u00e9rimentale de pr\u00e9vision intra-saisonni\u00e8re dans le sud-ouest de l&rsquo;oc\u00e9an Indien au cours du projet PISSARO, par S. Langlade, Atelier de mi-projet PISSARO, La R\u00e9union, 1-2 juillet 2022.<\/a><\/p>\n\n\n\n<p><a href=\"https:\/\/fr.pissaro.re\/presentations\/AtelierPISSARO_VEREMES_coprod_previsionnistes.pdf\" target=\"_blank\" rel=\"noreferrer noopener\">R\u00f4le du briefing exp\u00e9rimental de pr\u00e9vision mensuelle pour le sud-ouest de l&rsquo;oc\u00e9an Indien pour le projet PISSARO, par H. V\u00e9r\u00e8mes, Atelier de mi-projet PISSARO, La R\u00e9union, 1-2 juillet 2022.<\/a><\/p>\n\n\n\n<p><a href=\"https:\/\/fr.pissaro.re\/presentations\/AtelierPISSARO_VEREMES_prod_alea_cyclo.pdf\" target=\"_blank\" rel=\"noreferrer noopener\">Produit d&rsquo;anticipation de l&rsquo;al\u00e9a cyclonique \u00e0 l&rsquo;\u00e9chelle mensuelle pour les territoires habit\u00e9s du sud-ouest de l&rsquo;oc\u00e9an Indien, par H. V\u00e9r\u00e8mes, Atelier de mi-projet PISSARO, La R\u00e9union, 1-2 juillet 2022.<\/a><\/p>\n\n\n\n<p><a href=\"https:\/\/fr.pissaro.re\/presentations\/AtelierPISSARO_LABBE_prod_pluies_extr.pdf\" target=\"_blank\" rel=\"noreferrer noopener\">Probabilit\u00e9 d&rsquo;occurrence d&rsquo;un risque de pluies extr\u00eames, par L. Labb\u00e9, Atelier de mi-projet PISSARO, La R\u00e9union, 1-2 juillet 2022.<\/a><\/p>\n\n\n\n<p><a href=\"https:\/\/fr.pissaro.re\/presentations\/AtelierPISSARO_CACHARD_prod_ZCIT.pdf\" target=\"_blank\" rel=\"noreferrer noopener\">Etude de la pr\u00e9vision intra-saisonni\u00e8re de la migration de la ZCIT et des fortes pluies associ\u00e9es sur le nord du bassin sud-ouest de l&rsquo;oc\u00e9an Indien, par A. Cachard, Atelier de mi-projet PISSARO, La R\u00e9union, 1-2 juillet 2022.<\/a><\/p>\n\n\n\n<p><a href=\"https:\/\/fr.pissaro.re\/presentations\/AtelierPISSARO_CLERISSI_PIROI.pdf\" target=\"_blank\" rel=\"noreferrer noopener\">Pr\u00e9sentation des activit\u00e9s de la PIROI, par E. Clerissi, Atelier de mi-projet PISSARO, La R\u00e9union, 1-2 juillet 2022.<\/a><\/p>\n\n\n\n<p><a href=\"https:\/\/fr.pissaro.re\/presentations\/AtelierPISSARO_VEREMES_coprod_PIROI.pdf\" target=\"_blank\" rel=\"noreferrer noopener\">Approche collaborative avec la PIROI pour la gestion des risques de catastrophes, par H. V\u00e9r\u00e8mes, Atelier de mi-projet PISSARO, La R\u00e9union, 1-2 juillet 2022.<\/a><\/p>\n\n\n\n<p><a href=\"https:\/\/fr.pissaro.re\/presentations\/AtelierPISSARO_VEREMES_prod_alea_cycl_20212022.pdf\" target=\"_blank\" rel=\"noreferrer noopener\">Revue du produit d&rsquo;anticipation de l&rsquo;al\u00e9a cyclonique sur la saison 2021-2022, par H. V\u00e9r\u00e8mes, Atelier de mi-projet PISSARO, La R\u00e9union, 1-2 juillet 2022.<\/a><\/p>\n\n\n\n<p><a href=\"https:\/\/fr.pissaro.re\/presentations\/AtelierPISSARO_PEYRILLE_ondes_equatoriales.pdf\" target=\"_blank\" rel=\"noreferrer noopener\">Classification d&rsquo;ondes \u00e9quatoriales et applications aux pr\u00e9visions subsaisonni\u00e8re, par P. Peyrill\u00e9, Atelier de mi-projet PISSARO, La R\u00e9union, 1-2 juillet 2022.<\/a><\/p>\n\n\n\n<p><a href=\"https:\/\/fr.pissaro.re\/presentations\/AtelierPISSARO_SPECQ_S2S_CNRM.pdf\" target=\"_blank\" rel=\"noreferrer noopener\">Recherches sur la pr\u00e9vision intra-saisonni\u00e8re au CNRM dans le cadre du projet S2S, par D. Specq, Atelier de mi-projet PISSARO, La R\u00e9union, 1-2 juillet 2022.<\/a><\/p>\n\n\n\n<p><a href=\"https:\/\/fr.pissaro.re\/presentations\/AtelierPISSARO_MALARDEL_S2SARO.pdf\" target=\"_blank\" rel=\"noreferrer noopener\">AROME \u00e0 \u00e9chelle mensuelle, par S. Malardel, Atelier de mi-projet PISSARO, La R\u00e9union, 1-2 juillet 2022.<\/a><\/p>\n\n\n\n<p><a rel=\"noreferrer noopener\" href=\"http:\/\/en.pissaro.re\/wp-content\/uploads\/2022\/06\/EGU2022_shortPresentation_PISSARO_S2S_VEREMES.pdf\" target=\"_blank\">The PISSARO project: subseasonal impact-based forecasts of the cyclonic activity in the South West Indian Ocean, by H. V\u00e9r\u00e8mes, S. Malardel, F. Bonnardot, L. Labb\u00e9, S. Langlade, P. Peyrill\u00e9, S. Charpigny, T. Lefort and D. M\u00e9ki\u00e8s, EGU 2022, AS1.20, Vienna, Austria (visio), 23-27 may 2022.<\/a><\/p>\n\n\n\n<h4 class=\"wp-block-heading\" style=\"font-size:25px\">[2021]<\/h4>\n\n\n\n<p><a rel=\"noreferrer noopener\" href=\"https:\/\/fr.pissaro.re\/wp-content\/uploads\/2021\/05\/PIROI_AtelierGRC2021_PISSARO_EN.pdf\" target=\"_blank\">Pr\u00e9sentation du projet PISSARO par H. V\u00e9r\u00e8mes et S. Malardel, Atelier r\u00e9gional annuel de gestion des risques de catastrophe de la PIROI, 3-5 mai 2021, La R\u00e9union, France.<\/a><\/p>\n","protected":false},"excerpt":{"rendered":"<p>[2023] Using monthly forecast of extreme events in the southwest Indian Ocean for disaster risk management: co-creation of a decision<\/p>\n","protected":false},"author":1,"featured_media":0,"parent":0,"menu_order":0,"comment_status":"closed","ping_status":"closed","template":"","meta":{"colormag_page_layout":"default_layout","footnotes":""},"class_list":["post-258","page","type-page","status-publish","hentry"],"_links":{"self":[{"href":"https:\/\/fr.pissaro.re\/index.php\/wp-json\/wp\/v2\/pages\/258","targetHints":{"allow":["GET"]}}],"collection":[{"href":"https:\/\/fr.pissaro.re\/index.php\/wp-json\/wp\/v2\/pages"}],"about":[{"href":"https:\/\/fr.pissaro.re\/index.php\/wp-json\/wp\/v2\/types\/page"}],"author":[{"embeddable":true,"href":"https:\/\/fr.pissaro.re\/index.php\/wp-json\/wp\/v2\/users\/1"}],"replies":[{"embeddable":true,"href":"https:\/\/fr.pissaro.re\/index.php\/wp-json\/wp\/v2\/comments?post=258"}],"version-history":[{"count":16,"href":"https:\/\/fr.pissaro.re\/index.php\/wp-json\/wp\/v2\/pages\/258\/revisions"}],"predecessor-version":[{"id":865,"href":"https:\/\/fr.pissaro.re\/index.php\/wp-json\/wp\/v2\/pages\/258\/revisions\/865"}],"wp:attachment":[{"href":"https:\/\/fr.pissaro.re\/index.php\/wp-json\/wp\/v2\/media?parent=258"}],"curies":[{"name":"wp","href":"https:\/\/api.w.org\/{rel}","templated":true}]}}