{"id":243,"date":"2021-05-13T10:22:18","date_gmt":"2021-05-13T08:22:18","guid":{"rendered":"http:\/\/fr.pissaro.re\/?page_id=243"},"modified":"2021-09-02T07:16:57","modified_gmt":"2021-09-02T05:16:57","slug":"le-projet-pissaro","status":"publish","type":"page","link":"https:\/\/fr.pissaro.re\/index.php\/le-projet-pissaro\/","title":{"rendered":"Le projet PISSARO"},"content":{"rendered":"\n<ul><li><a href=\"#presentation\">Pr\u00e9sentation synth\u00e9tique<\/a><\/li><li><a href=\"#acteurs\">Les acteurs du projet<\/a><\/li><li><a href=\"#prevision\">Qu\u2019est-ce que la pr\u00e9vision intra-saisonni\u00e8re&nbsp;?<\/a><\/li><li><a href=\"#risque\">La pr\u00e9vision intra-saisonni\u00e8re et la r\u00e9duction du risque des catastrophes<\/a><\/li><li><a href=\"#S2S\">Le projet S2S (Subseasonal-to-Seasonal Prediction Project)<\/a><\/li><li><a href=\"#objectifs\">Les objectifs de PISSARO<\/a><\/li><li><a href=\"#bref\">En bref<\/a><\/li><\/ul>\n\n\n\n<h3 class=\"wp-block-heading\" id=\"presentation\">Pr\u00e9sentation Synth\u00e9tique<\/h3>\n\n\n\n<p>Le projet PISSARO est port\u00e9 par Sylvie Malardel, ing\u00e9nieur des travaux de la m\u00e9t\u00e9orologie \u00e0 M\u00e9t\u00e9o-France et chercheure et anim\u00e9 par H\u00e9l\u00e8ne V\u00e9r\u00e8mes, postdoctorante, au LACy (Laboratoire de l\u2019Atmosph\u00e8re et des Cyclones, La R\u00e9union, France). Le projet PISSARO (Pr\u00e9visions Intra-Saisonni\u00e8res \u00e0 Saisonni\u00e8res avec AROme) s\u2019int\u00e9resse principalement \u00e0 la pr\u00e9vision atmosph\u00e9rique et oc\u00e9anique \u00e0 l\u2019\u00e9chelle intra-saisonni\u00e8re, c&rsquo;est-\u00e0-dire avec des \u00e9chelles de temps allant de 2 semaines \u00e0 2 mois, pour des applications sur le bassin sud-ouest de l&rsquo;oc\u00e9an Indien. Il s\u2019agit d\u2019un projet collaboratif de valorisation des donn\u00e9es de recherche, d\u00e9velopp\u00e9 et men\u00e9 en partenariat avec des acteurs principalement \u00e0 La R\u00e9union mais \u00e9galement aux Seychelles et dans d\u2019autres pays. Il a commenc\u00e9 en octobre 2020 et s\u2019\u00e9tendra sur 3 ans jusqu\u2019en 2023. Ce projet est co-financ\u00e9 par l\u2019Union Europ\u00e9enne via un subvention FEDER et la R\u00e9gion R\u00e9union dans le cadre du programme de coop\u00e9ration INTERREG-V OCEAN INDIEN 2014-2020 sur une action li\u00e9e \u00e0 l\u2019innovation et \u00e0 l\u2019exploitation de bases de donn\u00e9es de la recherche.<\/p>\n\n\n\n<figure class=\"wp-block-image size-large\"><img loading=\"lazy\" decoding=\"async\" width=\"205\" height=\"50\" src=\"https:\/\/fr.pissaro.re\/wp-content\/uploads\/2021\/05\/logoRRFDEREU.png\" alt=\"\" class=\"wp-image-254\"\/><\/figure>\n\n\n\n<h3 class=\"wp-block-heading\" id=\"acteurs\">Les acteurs du projet<\/h3>\n\n\n\n<p>Le projet est port\u00e9 par le LACy, laboratoire de recherche acad\u00e9mique sous la tutelle de l\u2019Universit\u00e9 de La R\u00e9union, du CNRS et de M\u00e9t\u00e9o-France, sp\u00e9cialis\u00e9 en m\u00e9t\u00e9orologie tropicale. Il sera accompagn\u00e9 d\u2019un r\u00e9seau d\u2019experts scientifiques internationaux, appartenant au Centre europ\u00e9en pour les pr\u00e9visions m\u00e9t\u00e9orologiques \u00e0 moyen-terme (CEPMMT, Angleterre), de l\u2019Ecole nationale de m\u00e9t\u00e9orologie (ENM, Toulouse, France) et d\u2019autres laboratoires et instituts \u00e0 travers le monde. A ces acteurs acad\u00e9miques s\u2019ajoutent des partenaires institutionnels. Le projet b\u00e9n\u00e9ficiera de l\u2019expertise du service m\u00e9t\u00e9orologique de La R\u00e9union \u00e0 travers la DIROI (Direction interr\u00e9gionale de M\u00e9t\u00e9o-France pour l\u2019oc\u00e9an Indien), son \u00e9quipe d\u2019\u00e9tudes climatologiques et les pr\u00e9visionnistes cyclones. La DIROI est constitu\u00e9e du service de pr\u00e9vision m\u00e9t\u00e9orologique op\u00e9rationnel \u00e0 La R\u00e9union et \u00e0 Mayotte et est un centre m\u00e9t\u00e9orologique r\u00e9gional sp\u00e9cialis\u00e9 dans les cyclones tropicaux du bassin du sud-ouest de l&rsquo;oc\u00e9an Indien. Le projet PISSARO souhaite avant tout \u00eatre tourn\u00e9 vers les applications de la pr\u00e9vision intra-saisonni\u00e8re pour la gestion des risques, c\u2019est pourquoi le projet s\u2019est dot\u00e9 de partenaires repr\u00e9sentant de potentiels usagers. La PIROI (Plateforme d\u2019intervention r\u00e9gionale de l\u2019oc\u00e9an Indien) est rattach\u00e9e \u00e0 la Direction des relations internationales et des op\u00e9rations de la Croix-Rouge fran\u00e7aise, avec un vaste programme de gestion des risques de catastrophes dans le sud-ouest de l\u2019oc\u00e9an Indien. Il repr\u00e9sente un usager potentiel pour les produits qui pourraient \u00eatre d\u00e9velopp\u00e9s dans le cadre de PISSARO autour des cyclones tropicaux. Le SMA (Seychelles Meteorological Authority), service de pr\u00e9vision m\u00e9t\u00e9orologique op\u00e9rationnel aux Seychelles permettra au projet de s\u2019ouvrir vers d\u2019autres usagers potentiels de produits d\u00e9velopp\u00e9s autour des fortes pr\u00e9cipitations et d\u2019autres situations m\u00e9t\u00e9orologiques ou oc\u00e9anographiques. Le projet PISSARO s\u2019inscrit avant tout comme un projet collaboratif. N\u2019h\u00e9sitez pas \u00e0 consulter la section <a href=\"https:\/\/fr.pissaro.re\/index.php\/2021\/02\/28\/qui-sommes-nous\/\">Qui sommes-nous&nbsp;?<\/a> Pour avoir plus de d\u00e9tails sur les diff\u00e9rents acteurs du projets.<\/p>\n\n\n\n<h3 class=\"wp-block-heading\" id=\"prevision\">Qu\u2019est-ce que la pr\u00e9vision intra-saisonni\u00e8re&nbsp;?<\/h3>\n\n\n\n<figure class=\"wp-block-image size-large is-resized\"><img loading=\"lazy\" decoding=\"async\" src=\"https:\/\/fr.pissaro.re\/wp-content\/uploads\/2021\/05\/figure1.png\" alt=\"\" class=\"wp-image-251\" width=\"956\" height=\"689\"\/><figcaption><em>Figure 1. Estimation qualitative de la comp\u00e9tence de pr\u00e9vision bas\u00e9e sur la fourchette de pr\u00e9vision. Source : White et al. (2017).<\/em><\/figcaption><\/figure>\n\n\n\n<p>Pour comprendre les objectifs du projet, il faut appr\u00e9hender la notion de pr\u00e9vision intra-saisonni\u00e8re. La figure 1 montre la qualit\u00e9 de la pr\u00e9vision en fonction de l\u2019\u00e9chelle de temps de la pr\u00e9vision. La pr\u00e9vision intra-saisonni\u00e8re (marqu\u00e9e S2S sur la figure) vise des \u00e9ch\u00e9ances qui avait \u00e9t\u00e9 jusqu\u2019\u00e0 r\u00e9cemment peu exploit\u00e9es. Les efforts de la communaut\u00e9 scientifiques se sont surtout concentr\u00e9s sur&nbsp;:<\/p>\n\n\n\n<ul class=\"wp-block-list\"><li>la pr\u00e9vision m\u00e9t\u00e9orologique \u00e0 court et moyen terme (sur la gauche de la figure), \u00e0 des \u00e9ch\u00e9ances allant de quelques heures \u00e0 quelques jours pour laquelle la pr\u00e9visibilit\u00e9 d\u00e9pend beaucoup de la qualit\u00e9 de l\u2019estimation de l\u2019\u00e9tat de l\u2019atmosph\u00e8re et de l\u2019oc\u00e9an au d\u00e9marrage de la simulation num\u00e9rique<\/li><li>la pr\u00e9vision saisonni\u00e8re (sur la droite de la figure), \u00e0 des \u00e9ch\u00e9ances de 3 \u00e0 6 mois pour laquelle la pr\u00e9visibilit\u00e9 d\u00e9pend de l\u2019\u00e9volution de l\u2019\u00e9tat de l\u2019oc\u00e9an, de l\u2019\u00e9tat moyen de l\u2019atmosph\u00e8re et de l\u2019oc\u00e9an et des for\u00e7ages ext\u00e9rieurs.<\/li><\/ul>\n\n\n\n<p>La pr\u00e9vision intra-saisonni\u00e8re se place entre ces deux types de pr\u00e9vision. Elle pourra \u00eatre interpr\u00e9t\u00e9e selon la situation en terme d\u2019occurrence de ph\u00e9nom\u00e8nes ou d\u2019anomalies climatiques. Elle demande une expertise particuli\u00e8re. Elle permet de combler le foss\u00e9 entre la pr\u00e9vision m\u00e9t\u00e9orologique \u00e0 moyen terme et la pr\u00e9vision saisonni\u00e8re. Elle doit pouvoir fournir aux utilisateurs une cha\u00eene continue d\u2019information pour affiner au fur et \u00e0 mesure les \u00e9l\u00e9ments entrant dans leur processus de d\u00e9cision, c\u2019est ce que vise \u00e0 illustrer la figure 2.<\/p>\n\n\n\n<h3 class=\"wp-block-heading\" id=\"risque\">La pr\u00e9vision intra-saisonni\u00e8re et la r\u00e9duction du risque de catastrophes<\/h3>\n\n\n\n<figure class=\"wp-block-image size-large\"><img loading=\"lazy\" decoding=\"async\" width=\"1718\" height=\"644\" src=\"https:\/\/fr.pissaro.re\/wp-content\/uploads\/2021\/05\/figure2.png\" alt=\"\" class=\"wp-image-252\"\/><figcaption><em>Figure 2. Interventions de gestion des risques de catastrophes dans le continuum des \u00e9chelles de temps des informations climatiques. Source : Rapport de l&rsquo;ONU (2019), modifi\u00e9 \u00e0 partir de ESCAP (2017).<\/em><\/figcaption><\/figure>\n\n\n\n<p>La figure 2 met en parall\u00e8le les \u00e9chelles de pr\u00e9vision pr\u00e9sent\u00e9es pr\u00e9c\u00e9demment et l\u2019\u00e9chelle de temps des prises de d\u00e9cision pour des interventions dans le cadre de la gestion des risques de catastrophes. La pr\u00e9vision intra-saisonni\u00e8re situ\u00e9e au milieu de la figure est entre la pr\u00e9vision saisonni\u00e8re qui permet de mettre en place des d\u00e9cisions strat\u00e9giques plusieurs mois en amont et la pr\u00e9vision m\u00e9t\u00e9orologique \u00e0 court et moyen terme qui permet de prendre les d\u00e9cisions op\u00e9rationnelles \u00e0 quelques jours de l\u2019\u00e9ch\u00e9ance. La pr\u00e9vision intra-saisonni\u00e8re s\u2019inscrit sur les aspects tactiques. La pr\u00e9vision intra-saisonni\u00e8re repr\u00e9sente le cha\u00eenon manquant entre la pr\u00e9vision saisonni\u00e8re et la pr\u00e9vision m\u00e9t\u00e9orologique \u00e0 moyen terme pour pouvoir appliquer le concept \u00ab\u00a0Ready-Set-Go\u00a0\u00bb propos\u00e9 par le Centre climatique de la Croix-Rouge et l&rsquo;IRI (International Research Infrastructure for Climate and Society) (Goddard et al., 2014). Ce concept permet d\u2019offrir un cadre d\u00e9cisionnel aux acteurs de la gestion des risques pour investir progressivement des ressources \u00e0 mesure que l\u2019occurrence du danger devient de plus en plus certaine. La pr\u00e9vision saisonni\u00e8re permet de se tenir pr\u00eat (\u00ab&nbsp;Ready&nbsp;\u00bb), de d\u00e9finir la pr\u00e9paration et la r\u00e9ponse aux situations d\u2019urgence, de commencer la pr\u00e9paration et le suivi. La pr\u00e9vision intra-saisonni\u00e8re lance les d\u00e9cisions li\u00e9es \u00e0 la mise en place (\u00ab&nbsp;Set&nbsp;\u00bb), renforcer la pr\u00e9paration et introduire des actions bas\u00e9es sur la pr\u00e9vision. Et enfin la pr\u00e9vision m\u00e9t\u00e9orologique \u00e0 court terme donne le top d\u00e9part (\u00ab&nbsp;Go&nbsp;\u00bb), elle permet d\u2019activer la r\u00e9ponse. Tout l\u2019int\u00e9r\u00eat du projet PISSARO est d\u2019\u00e9valuer les apports potentiels de la pr\u00e9vision intra-saisonni\u00e8re pour aider \u00e0 la prise de d\u00e9cision pour diverses applications dont notamment la gestion des risques de catastrophes.<\/p>\n\n\n\n<h3 class=\"wp-block-heading\" id=\"S2S\">Le projet S2S (Subseasonal-to-Seasonal Prediction Project)<\/h3>\n\n\n\n<p>Le projet PISSARO s\u2019inscrit dans le cadre d\u2019un projet de grande envergure appel\u00e9 S2S \u00e9tabli conjointement en 2013 par le WWRP (World Weather Research Program) et WCRP (World Climate Research Program) dont les objectifs principaux \u00e9taient\u00a0: l\u2019\u00e9valuation, l\u2019am\u00e9lioration et la promotion de la pr\u00e9vision atmosph\u00e9rique et oc\u00e9anique \u00e0 l\u2019\u00e9chelle intra-saisonni\u00e8re. Il avait \u00e9t\u00e9 d\u00e9cid\u00e9 qu\u2019un attention particuli\u00e8re serait port\u00e9e sur les risques li\u00e9s aux extr\u00eames m\u00e9t\u00e9orologiques (dont les cyclones tropicaux, les s\u00e9cheresses, les inondations, les vagues de chaleur et les pr\u00e9cipitations associ\u00e9es \u00e0 la mousson). Le projet S2S a d\u00e9ploy\u00e9 une tr\u00e8s grande base de donn\u00e9es de pr\u00e9visions intra-saisonni\u00e8res (jusqu\u2019\u00e0 60 jours) et de \u00ab\u00a0r\u00e9tro-pr\u00e9visions\u00a0\u00bb (rejeux de pr\u00e9visions du pass\u00e9 avec la version du mod\u00e8le la plus r\u00e9cente appel\u00e9s \u00ab\u00a0reforecasts\u00a0\u00bb). Cela repr\u00e9sente une base de donn\u00e9es comprenant plus de 6 ans de pr\u00e9visions (en quasi-temps r\u00e9el depuis 2015) et jusqu&rsquo;\u00e0 25 ans de reforecasts pour une grande vari\u00e9t\u00e9 de param\u00e8tres atmosph\u00e9riques et quelques param\u00e8tres oc\u00e9aniques, produites par 11 mod\u00e8les de pr\u00e9vision diff\u00e9rents. Pourquoi devoir utiliser 11 mod\u00e8les de pr\u00e9visions diff\u00e9rents\u00a0? Tous les mod\u00e8les n\u2019ont pas les m\u00eames performances. Il est donc n\u00e9cessaire d\u2019\u00e9valuer la qualit\u00e9 des donn\u00e9es fournies. Vous trouverez plus de d\u00e9tails sur le projet S2S et la base de donn\u00e9es de pr\u00e9vision intra-saisonni\u00e8re exploit\u00e9e dans le cadre du projet PISSARO dans la section S2S.<\/p>\n\n\n\n<h3 class=\"wp-block-heading\" id=\"objectifs\">Les objectifs de PISSARO<\/h3>\n\n\n\n<p>Le premier axe de PISSARO sont l\u2019\u00e9valuation et l\u2019am\u00e9lioration des donn\u00e9es de pr\u00e9vision intra-saisonni\u00e8re pour le sud-ouest de l\u2019oc\u00e9an Indien et le second est leur valorisation. Les objectifs du projet sur l\u2019\u00e9valuation des donn\u00e9es sont les suivants&nbsp;:<\/p>\n\n\n\n<ul class=\"wp-block-list\"><li>\u00c9valuation de la base de donn\u00e9es S2S pour les semaines 2 \u00e0 4 pour la pr\u00e9vision des cyclones tropicaux et des pr\u00e9cipitations extr\u00eames pour le sud-ouest de l\u2019oc\u00e9an Indien<\/li><li>Rejeux de situation pour \u00e9valuer si les donn\u00e9es suppl\u00e9mentaires disponibles dans la base de donn\u00e9es S2S auraient aid\u00e9 \u00e0 une meilleure prise de d\u00e9cision pour des actions sp\u00e9cifiques (action humanitaire par exemple)<\/li><li>Contribuer \u00e0 l&rsquo;am\u00e9lioration des pr\u00e9visions intra-saisonni\u00e8res dans le bassin sud-ouest oc\u00e9an Indien<\/li><\/ul>\n\n\n\n<p>Chaque r\u00e9gion du globe pr\u00e9sente des sp\u00e9cificit\u00e9s. Plus les facteurs influant sur la pr\u00e9vision mensuelle de la r\u00e9gion d\u2019\u00e9tude seront connus, meilleures pourront \u00eatre les pr\u00e9visions pour cette r\u00e9gion.<\/p>\n\n\n\n<p>Les premi\u00e8res \u00e9tudes men\u00e9es par les scientifiques du projet S2S montrent que l\u2019on peut voir du signal en terme d\u2019activit\u00e9 cyclonique \u00e0 l\u2019\u00e9chelle mensuelle et particuli\u00e8rement en S1 et S2. Ces r\u00e9sultats permettent d\u2019envisager avec optimisme la possibilit\u00e9 d\u2019appliquer ces donn\u00e9es pour d\u00e9velopper des produits tourn\u00e9s vers des usagers potentiels et sur la pr\u00e9vention des risques. Les risques m\u00e9t\u00e9orologiques et oc\u00e9aniques auxquels peuvent \u00eatre expos\u00e9s les territoires du sud-ouest de l\u2019oc\u00e9an Indien sont d\u00e9crits ici. Les objectifs du projet tourn\u00e9s vers les utilisateurs sont les suivants&nbsp;:<\/p>\n\n\n\n<ul class=\"wp-block-list\"><li>Valorisation des donn\u00e9es S2S par le d\u00e9veloppement de produits de pr\u00e9vision et d&rsquo;\u00e9valuation des risques sp\u00e9cifiques \u00e0 une application<ul><li>Mise en \u00e9vidence des sp\u00e9cification de produits de pr\u00e9vision et de risque pour un apport sur la prise de d\u00e9cision<\/li><li>Travail en \u00e9troite collaboration avec le partenaire M\u00e9t\u00e9o-France (DIROI) pour le d\u00e9veloppement de produits de risque<\/li><\/ul><\/li><li>Mise en place d&rsquo;une plateforme internet durable pour favoriser les \u00e9changes entre les partenaires du projet et \u00e0 terme proposer les produits de pr\u00e9vision et de risques.<\/li><li>Sensibilisation et formation des utilisateurs sur la pr\u00e9vision intra-saisonni\u00e8re et \u00e0 ses applications sp\u00e9cifiques pour la r\u00e9gion sud-ouest oc\u00e9an Indien<\/li><\/ul>\n\n\n\n<p>Il existe de nombreuses plateformes d&rsquo;alerte aux dangers disponibles en ligne et des strat\u00e9gies de vigilance d\u00e9ploy\u00e9es par les services m\u00e9t\u00e9orologiques nationaux ou des institutions sp\u00e9cialis\u00e9es. Mais ces outils sont \u00e0 courte port\u00e9e (0-3 jours) et seuls quelques-uns sont \u00e0 moyenne port\u00e9e (3-7 jours). L&rsquo;objectif de PISSARO est d&rsquo;adapter ce type de produit pour le sud-ouest de l\u2019oc\u00e9an Indien \u00e0 une \u00e9chelle de temps intra-saisonni\u00e8re. Les produits seront moins pr\u00e9cis et soumis \u00e0 des incertitudes plus grandes mais pourraient potentiellement fournir une probabilit\u00e9 de risque de passage(s) de cyclone(s) tropical(aux), de fortes pr\u00e9cipitations ou d&rsquo;autres situations oc\u00e9aniques ou m\u00e9t\u00e9orologiques pour diff\u00e9rentes zones pr\u00e9d\u00e9finies \u00e0 une \u00e9ch\u00e9ance de temps plus grande.<\/p>\n\n\n\n<h3 class=\"wp-block-heading\" id=\"bref\">En bref<\/h3>\n\n\n\n<p>Le projet PISSARO est un projet de recherche acad\u00e9mique qui a d\u00e9but\u00e9 en octobre 2020 et se poursuivra jusqu&rsquo;en 2023. L&rsquo;approche principale est l\u2019\u00e9tude des donn\u00e9es pass\u00e9es pour :<\/p>\n\n\n\n<ul class=\"wp-block-list\"><li>\u00e9valuer la qualit\u00e9 des pr\u00e9visions intra-saisonni\u00e8res pour les cyclones tropicaux et les r\u00e9gimes de temps<\/li><li>d\u00e9velopper des produits de pr\u00e9vision faciles \u00e0 utiliser<\/li><\/ul>\n\n\n\n<p>Ce projet se concentre sur le bassin sud-ouest de l&rsquo;oc\u00e9an Indien qui est souvent sous-repr\u00e9sent\u00e9 dans les outils globaux et dont les sp\u00e9cificit\u00e9s ne sont pas toujours prises en compte. Il existe peu de produits d&rsquo;alerte pour la gestion des risques au-del\u00e0 de quelques jours. L&rsquo;ambition de d\u00e9ployer des outils d&rsquo;alerte pr\u00e9coce ne peut se faire sans discussions entre les utilisateurs potentiels et les experts S2S. Ce sont ces utilisateurs qui peuvent pr\u00e9ciser les caract\u00e9ristiques des produits \u00e0 d\u00e9velopper pour qu\u2019ils offrent un atout sur la prise de d\u00e9cision et les experts qui peuvent \u00e9valuer la faisabilit\u00e9 de ces produits.<\/p>\n\n\n\n<p>Retrouvez toute l\u2019actualit\u00e9 du projet sur notre <a href=\"https:\/\/fr.pissaro.re\/index.php\/category\/blog\/\">blog<\/a>, les <a href=\"https:\/\/fr.pissaro.re\/index.php\/2021\/09\/01\/nouveautes\/\" target=\"_blank\" rel=\"noreferrer noopener\">diverses communications<\/a> et aussi t\u00f4t que possible les produits dans les sections d\u00e9di\u00e9es.<\/p>\n\n\n\n<p>Liste des r\u00e9f\u00e9rences bibliographiques<\/p>\n\n\n\n<p>White et al. (2017). Potential applications of subseasonal-to-seasonal (S2S) predictions, <em>Meteorological Applications<\/em>, 24, 315-325. <a href=\"https:\/\/doi.org\/10.1002\/met.1654\"><u>https:\/\/doi.org\/10.1002\/met.1654<\/u><\/a>.<\/p>\n\n\n\n<p>United Nations, ESCAP, ASMC and RIMES (2019). Applying subseasonal-to-seasonal predictions to improve disaster risk reduction in South-East Asia: 10 key takeaways for disaster management authorities. (United Nations Publication, ST\/ESCAP\/2867). Available on <a href=\"https:\/\/www.unescap.org\/resources\/\"><u>https:\/\/www.unescap.org\/resources\/<\/u><\/a><\/p>\n\n\n\n<p>Goddard et al. (2014). The international research institute for climate and society: why, what and how. Earth Perspect, 1, 1-14. <a href=\"https:\/\/doi.org\/10.1186\/2194-6434-1-10\"><u>https:\/\/doi.org\/10.1186\/2194-6434-1-10<\/u><\/a>.<\/p>\n\n\n\n<p>Lee et al. (2020). Subseasonal Predictions of Tropical Cyclone Occurence and ACE&nbsp; in the S2S Dataset. Weather and Forecasting, 35, 921-938. <a href=\"https:\/\/doi.org\/10.1175\/WAF-D-19-0217.1\"><u>https:\/\/doi.org\/10.1175\/WAF-D-19-0217.1<\/u><\/a><\/p>\n","protected":false},"excerpt":{"rendered":"<p>Le projet PISSARO (Pr\u00e9visions Intra-Saisonni\u00e8res \u00e0 Saisonni\u00e8res avec AROme) s\u2019int\u00e9resse principalement \u00e0 la pr\u00e9vision atmosph\u00e9rique et oc\u00e9anique \u00e0 l\u2019\u00e9chelle intra-saisonni\u00e8re, c&rsquo;est-\u00e0-dire avec des \u00e9chelles de temps allant de 2 semaines \u00e0 2 mois, pour des applications sur le bassin sud-ouest de l&rsquo;oc\u00e9an Indien.<\/p>\n","protected":false},"author":1,"featured_media":0,"parent":0,"menu_order":0,"comment_status":"closed","ping_status":"closed","template":"","meta":{"colormag_page_layout":"default_layout","footnotes":""},"class_list":["post-243","page","type-page","status-publish","hentry"],"_links":{"self":[{"href":"https:\/\/fr.pissaro.re\/index.php\/wp-json\/wp\/v2\/pages\/243","targetHints":{"allow":["GET"]}}],"collection":[{"href":"https:\/\/fr.pissaro.re\/index.php\/wp-json\/wp\/v2\/pages"}],"about":[{"href":"https:\/\/fr.pissaro.re\/index.php\/wp-json\/wp\/v2\/types\/page"}],"author":[{"embeddable":true,"href":"https:\/\/fr.pissaro.re\/index.php\/wp-json\/wp\/v2\/users\/1"}],"replies":[{"embeddable":true,"href":"https:\/\/fr.pissaro.re\/index.php\/wp-json\/wp\/v2\/comments?post=243"}],"version-history":[{"count":19,"href":"https:\/\/fr.pissaro.re\/index.php\/wp-json\/wp\/v2\/pages\/243\/revisions"}],"predecessor-version":[{"id":349,"href":"https:\/\/fr.pissaro.re\/index.php\/wp-json\/wp\/v2\/pages\/243\/revisions\/349"}],"wp:attachment":[{"href":"https:\/\/fr.pissaro.re\/index.php\/wp-json\/wp\/v2\/media?parent=243"}],"curies":[{"name":"wp","href":"https:\/\/api.w.org\/{rel}","templated":true}]}}